{"id":1125523,"date":"2007-01-07T00:00:00","date_gmt":"2007-01-06T21:00:00","guid":{"rendered":"https:\/\/superon.cn\/catalogue\/uncategorized\/10-201\/"},"modified":"2026-04-23T06:45:25","modified_gmt":"2026-04-23T03:45:25","slug":"10-201","status":"publish","type":"product","link":"https:\/\/pervinca.cn\/es\/catalogue\/10-connecting-fittings\/eccentric-cams\/10-201\/","title":{"rendered":"Exc\u00e9ntrica, D15"},"content":{"rendered":"Esta es la leva exc\u00e9ntrica m\u00e1s com\u00fan.<br \/>Mayormente vendido con: 10-107-34, 10-109-34, 10-145-34, 10-147-34.<\/p>\n<p>&#8211; Las levas exc\u00e9ntricas halan  las tablas del mueble a su sitio, desde la brecha inicial hasta 4 mm.<br \/>&#8211; El di\u00e1metro de la perforaci\u00f3n es de 15 mm, la profundidad de la perforaci\u00f3n debe hacerse de acuerdo con el grosor del tablero.<br \/>&#8211; Hendiduras internas y externas hacen que la conexi\u00f3n sea segura.<br \/>&#8211; El perno siempre es halado a una posici\u00f3n central, lo que proporciona un montaje preciso.<br \/>&#8211; Las levas exc\u00e9ntricas pueden ser apretadas con destornillador de cruz PH2 (recomendado) o PZ2, destornillador de punta plana o una llave Allen de 4 mm.<br \/>&#8211; Utilizado para tablas con grosor de 15, 16, 18, 19 y 25 mm.","protected":false},"excerpt":{"rendered":"<p>0qUvCZv4Z4o<\/p>\n","protected":false},"featured_media":0,"comment_status":"open","ping_status":"closed","template":"","meta":[],"product_brand":[],"product_cat":[368169,368238],"product_tag":[],"class_list":{"0":"post-1125523","1":"product","2":"type-product","3":"status-publish","5":"product_cat-10-connecting-fittings","6":"product_cat-eccentric-cams","7":"no-featured-image-padding","8":"sales-flash-overlay","9":"woocommerce-text-align-center","10":"woocommerce-image-align-center","11":"do-quantity-buttons","13":"first","14":"instock","15":"featured","16":"shipping-taxable","17":"purchasable","18":"product-type-variable"},"_links":{"self":[{"href":"https:\/\/pervinca.cn\/es\/wp-json\/wp\/v2\/product\/1125523","targetHints":{"allow":["GET"]}}],"collection":[{"href":"https:\/\/pervinca.cn\/es\/wp-json\/wp\/v2\/product"}],"about":[{"href":"https:\/\/pervinca.cn\/es\/wp-json\/wp\/v2\/types\/product"}],"replies":[{"embeddable":true,"href":"https:\/\/pervinca.cn\/es\/wp-json\/wp\/v2\/comments?post=1125523"}],"wp:attachment":[{"href":"https:\/\/pervinca.cn\/es\/wp-json\/wp\/v2\/media?parent=1125523"}],"wp:term":[{"taxonomy":"product_brand","embeddable":true,"href":"https:\/\/pervinca.cn\/es\/wp-json\/wp\/v2\/product_brand?post=1125523"},{"taxonomy":"product_cat","embeddable":true,"href":"https:\/\/pervinca.cn\/es\/wp-json\/wp\/v2\/product_cat?post=1125523"},{"taxonomy":"product_tag","embeddable":true,"href":"https:\/\/pervinca.cn\/es\/wp-json\/wp\/v2\/product_tag?post=1125523"}],"curies":[{"name":"wp","href":"https:\/\/api.w.org\/{rel}","templated":true}]}}