{"id":1125561,"date":"2013-04-15T15:26:34","date_gmt":"2013-04-15T12:26:34","guid":{"rendered":"https:\/\/superon.cn\/catalogue\/uncategorized\/10-268\/"},"modified":"2026-04-23T06:45:26","modified_gmt":"2026-04-23T03:45:26","slug":"10-268","status":"publish","type":"product","link":"https:\/\/pervinca.cn\/es\/catalogue\/10-connecting-fittings\/eccentric-for-shelves\/10-268\/","title":{"rendered":"Exc\u00e9ntricas de estante"},"content":{"rendered":"- El prendedor giratorio est\u00e1 cerrando la cobertura en la carcasa de pl\u00e1stico.<br \/>&#8211; La carcasa est\u00e1 ubicada en un orificio con 20 mm de di\u00e1metro.<br \/>&#8211; No tiene expansi\u00f3n o efecto exc\u00e9ntrico.<br \/>&#8211; Tornillo euro 6.3x6mm (parte externa), la profundidad de perforaci\u00f3n para tornillo euro es de 7 mm.","protected":false},"excerpt":{"rendered":"<p>&#8211; El prendedor giratorio est\u00e1 cerrando la cobertura en la carcasa de pl\u00e1stico.&#8211; La carcasa est\u00e1 ubicada en un orificio con 20 mm de di\u00e1metro.&#8211; No tiene expansi\u00f3n o efecto exc\u00e9ntrico.&#8211; Tornillo euro 6.3x6mm (parte externa), la profundidad de perforaci\u00f3n para tornillo euro es de 7 mm.<\/p>\n","protected":false},"featured_media":0,"comment_status":"open","ping_status":"closed","template":"","meta":[],"product_brand":[],"product_cat":[368169,368170],"product_tag":[],"class_list":{"0":"post-1125561","1":"product","2":"type-product","3":"status-publish","5":"product_cat-10-connecting-fittings","6":"product_cat-eccentric-for-shelves","7":"no-featured-image-padding","8":"sales-flash-overlay","9":"woocommerce-text-align-center","10":"woocommerce-image-align-center","11":"do-quantity-buttons","13":"first","14":"instock","15":"shipping-taxable","16":"purchasable","17":"product-type-variable"},"_links":{"self":[{"href":"https:\/\/pervinca.cn\/es\/wp-json\/wp\/v2\/product\/1125561","targetHints":{"allow":["GET"]}}],"collection":[{"href":"https:\/\/pervinca.cn\/es\/wp-json\/wp\/v2\/product"}],"about":[{"href":"https:\/\/pervinca.cn\/es\/wp-json\/wp\/v2\/types\/product"}],"replies":[{"embeddable":true,"href":"https:\/\/pervinca.cn\/es\/wp-json\/wp\/v2\/comments?post=1125561"}],"wp:attachment":[{"href":"https:\/\/pervinca.cn\/es\/wp-json\/wp\/v2\/media?parent=1125561"}],"wp:term":[{"taxonomy":"product_brand","embeddable":true,"href":"https:\/\/pervinca.cn\/es\/wp-json\/wp\/v2\/product_brand?post=1125561"},{"taxonomy":"product_cat","embeddable":true,"href":"https:\/\/pervinca.cn\/es\/wp-json\/wp\/v2\/product_cat?post=1125561"},{"taxonomy":"product_tag","embeddable":true,"href":"https:\/\/pervinca.cn\/es\/wp-json\/wp\/v2\/product_tag?post=1125561"}],"curies":[{"name":"wp","href":"https:\/\/api.w.org\/{rel}","templated":true}]}}