{"id":1913,"date":"2014-12-01T10:08:18","date_gmt":"2014-12-01T07:08:18","guid":{"rendered":"http:\/\/new.superon.cn\/?page_id=1913"},"modified":"2024-05-31T08:21:07","modified_gmt":"2024-05-31T05:21:07","slug":"about-us","status":"publish","type":"page","link":"https:\/\/pervinca.cn\/pb\/about-us\/","title":{"rendered":"Quem somos"},"content":{"rendered":"<div class=\"su-tabs su-tabs-style-default su-tabs-mobile-scroll\" data-active=\"1\" data-scroll-offset=\"0\" data-anchor-in-url=\"no\"><div class=\"su-tabs-nav\"><span class=\"\" data-url=\"\" data-target=\"blank\" tabindex=\"0\" role=\"button\">SOBRE A EMPRESA<\/span><span class=\"\" data-url=\"\" data-target=\"blank\" tabindex=\"0\" role=\"button\">TERMOS DE VENDAS<\/span><span class=\"\" data-url=\"\" data-target=\"blank\" tabindex=\"0\" role=\"button\">TERMOS DE ENTREGA<\/span><span class=\"\" data-url=\"\" data-target=\"blank\" tabindex=\"0\" role=\"button\">GARANTIA DE QUALIDADE<\/span><span class=\" su-tabs-disabled\" data-url=\"\" data-target=\"blank\" tabindex=\"0\" role=\"button\">Perguntas mais frequentes<\/span><\/div><div class=\"su-tabs-panes\"><div class=\"su-tabs-pane su-u-clearfix su-u-trim\" data-title=\"SOBRE A EMPRESA\">\n<p>\u201cPervinca Limited\u201d \u00e9 uma empresa comercial localizada em Hong Kong e na China. Exportamos uma ampla gama de acess\u00f3rios para m\u00f3veis da \u00c1sia para todo o mundo. Mantendo-nos estritamente dentro do setor \u00fanico de produtos e acess\u00f3rios para m\u00f3veis, nos permite especializar-nos com sucesso neste mercado.<\/p>\n<p>Fazemos nosso trabalho profissionalmente e realizamos todas as remessas de cada cliente. Junto com a venda dos produtos, compartilhamos nossas percep\u00e7\u00f5es e conhecimentos com os clientes. Acreditamos que aumenta o valor dos nossos produtos num mundo de custos transparentes e lucros baixos.<\/p>\n<p>Estamos felizes em conhec\u00ea-lo em nosso cat\u00e1logo online. Selecionamos cuidadosamente os produtos e escrevemos os detalhes.<\/p>\n<p>Voc\u00ea pode clicar no bot\u00e3o \u201cconsulta\u201d para coletar todos os itens interessantes em um carrinho de consulta e enviar-nos todos de uma vez para a consulta de pre\u00e7o.<\/p>\n<p>Estamos aguardando suas mensagens e d\u00favidas.<\/p>\n<p>Desejo-lhe prosperidade e estabilidade.<\/div>\n<div class=\"su-tabs-pane su-u-clearfix su-u-trim\" data-title=\"TERMOS DE VENDAS\">\nAs condi\u00e7\u00f5es de pagamento podem ser discutidas com base no valor do pedido.<\/div>\n<div class=\"su-tabs-pane su-u-clearfix su-u-trim\" data-title=\"TERMOS DE ENTREGA\">\nOs pre\u00e7os s\u00e3o dados como<br \/>\nExW: coleta por conta pr\u00f3pria em nosso armaz\u00e9m<br \/>\nFOB: enviado a bordo e desembara\u00e7ado na alf\u00e2ndega.<br \/>\nN\u00e3o organizamos frete mar\u00edtimo ou desembara\u00e7o aduaneiro no destino.<\/div>\n<div class=\"su-tabs-pane su-u-clearfix su-u-trim\" data-title=\"GARANTIA DE QUALIDADE\">Prometemos controlar a qualidade de cada remessa. Se desejar verificar a qualidade por si mesmo ou por outra empresa de inspe\u00e7\u00e3o, deixaremos o inspetor visitar nosso armaz\u00e9m e verificar. O inspetor deve realizar ele mesmo o processo de inspe\u00e7\u00e3o.<\/div>\n<div class=\"su-tabs-pane su-u-clearfix su-u-trim\" data-title=\"Perguntas mais frequentes\">\n\r\n\r\n    \r\n    <ul class=\"filters faq\">\r\n         <li class=\"all\"><a href=\"#all\" data-option-value=\"*\" class=\"all active\"><div class=\"prepend\"><\/div>All Categories<\/a><\/li>\r\n         <li><a href=\"#delievery-faq\" data-option-value=\".delievery-faq\">Delievery FAQ<\/a><\/li><li><a href=\"#general-faq\" data-option-value=\".general-faq\">General FAQ<\/a><\/li><li><a href=\"#prices-faq\" data-option-value=\".prices-faq\">Prices FAQ<\/a><\/li>    <\/ul>\r\n\r\n\r\n    <div class=\"faq-filters-container\">\r\n        <div class=\"faq-filters group\">\r\n            <p><\/p>\r\n            <select id=\"faq-filters-select\">\r\n                <option value=\"*\">All Categories<\/option>\r\n                                    <option value=\".delievery-faq\">Delievery FAQ<\/option>\r\n                                    <option value=\".general-faq\">General FAQ<\/option>\r\n                                    <option value=\".prices-faq\">Prices FAQ<\/option>\r\n                            <\/select>\r\n        <\/div>\r\n    <\/div>\r\n\r\n\r\n<div id=\"faqs-container\">\r\n    \r\n        <div class=\"faq-wrapper all general-faq \">\r\n            <div class=\"faq-title\">\r\n                <div class=\"plus\"><\/div>\r\n                <h4>Voc\u00eas possuem distribuidores ou representantes fora da China?<\/h4>\r\n            <\/div>\r\n            <div class=\"faq-item\">\r\n                <div class=\"faq-item-content\">\r\n                    <p>N\u00e3o, n\u00f3s n\u00e3o possu\u00edmos. Ficar\u00edamos contentes de cooperar diretamente. At\u00e9 o momento a nossa empresa n\u00e3o assinou quaisquer acordos em mat\u00e9ria de concess\u00e3o ou representa\u00e7\u00e3o.<\/p>\n                <\/div>\r\n            <\/div>\r\n        <\/div>\r\n\r\n    \r\n        <div class=\"faq-wrapper all delievery-faq \">\r\n            <div class=\"faq-title\">\r\n                <div class=\"plus\"><\/div>\r\n                <h4>Quais s\u00e3o os custos de entrega?<\/h4>\r\n            <\/div>\r\n            <div class=\"faq-item\">\r\n                <div class=\"faq-item-content\">\r\n                    <p>Apenas oferecemos os pre\u00e7os de FOB. Quanto ao transporte, que voc\u00ea pode escolher qualquer empresa de transportes e pedir-lhes para cotar os custos de frete mar\u00edtimo.<\/p>\n                <\/div>\r\n            <\/div>\r\n        <\/div>\r\n\r\n    \r\n        <div class=\"faq-wrapper all delievery-faq \">\r\n            <div class=\"faq-title\">\r\n                <div class=\"plus\"><\/div>\r\n                <h4>Qual \u00e9 o custo aproximado de um cont\u00eainer de mercadorias na China?<\/h4>\r\n            <\/div>\r\n            <div class=\"faq-item\">\r\n                <div class=\"faq-item-content\">\r\n                    <p>Isso depende das mercadorias, em geral, o valor total do pedido de um cont\u00eainer varia de U$D 25.000 at\u00e9 mais de U$D 60.000.<\/p>\n                <\/div>\r\n            <\/div>\r\n        <\/div>\r\n\r\n    \r\n        <div class=\"faq-wrapper all general-faq \">\r\n            <div class=\"faq-title\">\r\n                <div class=\"plus\"><\/div>\r\n                <h4>Podemos encomendar menos de um cont\u00eainer?<\/h4>\r\n            <\/div>\r\n            <div class=\"faq-item\">\r\n                <div class=\"faq-item-content\">\r\n                    <p>Sim, voc\u00ea pode fazer um pedido para uma pequena quantidade. No caso de o valor do pedido ser abaixo de U$D 10.000, podemos pedir-lhe para pagar algumas das despesas de exporta\u00e7\u00e3o.<\/p>\n                <\/div>\r\n            <\/div>\r\n        <\/div>\r\n\r\n    \r\n        <div class=\"faq-wrapper all general-faq \">\r\n            <div class=\"faq-title\">\r\n                <div class=\"plus\"><\/div>\r\n                <h4>Voc\u00eas podem enviar algumas amostras para verificarmos a qualidade?<\/h4>\r\n            <\/div>\r\n            <div class=\"faq-item\">\r\n                <div class=\"faq-item-content\">\r\n                    <p>Sim, n\u00f3s podemos enviar as amostras para voc\u00ea depois que fizer a um pedido e discutir os pre\u00e7os e outros detalhes. Voc\u00ea poder\u00e1 fazer o pagamento inicial depois de ver nossas amostras.<\/p>\n                <\/div>\r\n            <\/div>\r\n        <\/div>\r\n\r\n    \r\n        <div class=\"faq-wrapper all general-faq \">\r\n            <div class=\"faq-title\">\r\n                <div class=\"plus\"><\/div>\r\n                <h4>Voc\u00ea pode fornecer alguns produtos que n\u00e3o est\u00e3o apresentados em seu site?<\/h4>\r\n            <\/div>\r\n            <div class=\"faq-item\">\r\n                <div class=\"faq-item-content\">\r\n                    <p>Sim, se esses produtos estiverem relacionados a acess\u00f3rios para m\u00f3veis. Voc\u00ea s\u00f3 precisa nos enviar uma foto, esbo\u00e7o (em qualquer formato), ou uma explica\u00e7\u00e3o dos detalhes.<\/p>\n                <\/div>\r\n            <\/div>\r\n        <\/div>\r\n\r\n    \r\n        <div class=\"faq-wrapper all general-faq \">\r\n            <div class=\"faq-title\">\r\n                <div class=\"plus\"><\/div>\r\n                <h4>Qual o per\u00edodo de produ\u00e7\u00e3o?<\/h4>\r\n            <\/div>\r\n            <div class=\"faq-item\">\r\n                <div class=\"faq-item-content\">\r\n                    <p>Geralmente, levamos entre 25 a 30 dias para concluir o seu pedido. Isso depende do produto, da quantidade e da carga de trabalho das f\u00e1bricas.<\/p>\n                <\/div>\r\n            <\/div>\r\n        <\/div>\r\n\r\n    \r\n        <div class=\"faq-wrapper all prices-faq \">\r\n            <div class=\"faq-title\">\r\n                <div class=\"plus\"><\/div>\r\n                <h4>Voc\u00eas podem nos enviar uma lista de pre\u00e7os completa?<\/h4>\r\n            <\/div>\r\n            <div class=\"faq-item\">\r\n                <div class=\"faq-item-content\">\r\n                    <p>N\u00e3o, n\u00f3s n\u00e3o temos como preparar uma lista de pre\u00e7os completa de todos os produtos apresentados em nosso site. Isso porque os produtos s\u00e3o fabricados sob encomenda e os custos das mat\u00e9rias-primas (bem como outros custos) mudam continuamente, assim temos de atualizar os pre\u00e7os muitas vezes. Ali\u00e1s, isso ajuda voc\u00ea a comprar nossos produtos a pre\u00e7os de mercado, nunca superior.<\/p>\n                <\/div>\r\n            <\/div>\r\n        <\/div>\r\n\r\n    \r\n        <div class=\"faq-wrapper all prices-faq \">\r\n            <div class=\"faq-title\">\r\n                <div class=\"plus\"><\/div>\r\n                <h4>Como posso obter os seus pre\u00e7os?<\/h4>\r\n            <\/div>\r\n            <div class=\"faq-item\">\r\n                <div class=\"faq-item-content\">\r\n                    <p>Basta fazer uma consulta no nosso site. Por favor, navegue pelo nosso cat\u00e1logo online. Ao lado de cada item que voc\u00ea ver\u00e1 o bot\u00e3o &#8220;Consulta&#8221;. Quando voc\u00ea clicar nele, esse item ser\u00e1 adicionado \u00e0 &#8220;Lista de Consulta&#8221; automaticamente. Depois de adicionar todos os itens de seu interesse, basta clicar no bot\u00e3o &#8220;Enviar pedido&#8221;, que pode ser encontrado na parte superior das p\u00e1gina. Depois disso, voc\u00ea s\u00f3 precisa inserir os dados de contato (apenas nome, telefone e e-mail) e finalizar a consulta. Esta lista ser\u00e1 imediatamente enviada para o nosso gerente. N\u00f3s entraremos em contato com voc\u00ea no mesmo dia ou primeiro dia \u00fatil seguinte para mais detalhes e, responderemos com os pre\u00e7os dentro de 2 a 3 dias. Por favor, preencha os seus detalhes de contato com precis\u00e3o, para que possamos lhe contatar, nossos gerentes n\u00e3o podem responder sem seus dados de contato.<\/p>\n                <\/div>\r\n            <\/div>\r\n        <\/div>\r\n\r\n    \r\n        <div class=\"faq-wrapper all general-faq \">\r\n            <div class=\"faq-title\">\r\n                <div class=\"plus\"><\/div>\r\n                <h4>Melhor hor\u00e1rio para nos contatar<\/h4>\r\n            <\/div>\r\n            <div class=\"faq-item\">\r\n                <div class=\"faq-item-content\">\r\n                    <p>Nossas equipes de exporta\u00e7\u00e3o est\u00e3o no escrit\u00f3rio das 10h \u00e0s 19h todos os dias \u00fateis. Voc\u00ea pode nos chamar a qualquer momento dentro desse per\u00edodo, considerando a diferen\u00e7a de hor\u00e1rio entre o seu pa\u00eds e a China. O fuso hor\u00e1rio da China \u00e9 GMT + 8.<\/p>\n                <\/div>\r\n            <\/div>\r\n        <\/div>\r\n\r\n    <\/div><\/div><\/div><\/div>","protected":false},"excerpt":{"rendered":"","protected":false},"author":2,"featured_media":0,"parent":0,"menu_order":0,"comment_status":"closed","ping_status":"closed","template":"","meta":{"footnotes":""},"class_list":["post-1913","page","type-page","status-publish","hentry","no-featured-image-padding"],"_links":{"self":[{"href":"https:\/\/pervinca.cn\/pb\/wp-json\/wp\/v2\/pages\/1913","targetHints":{"allow":["GET"]}}],"collection":[{"href":"https:\/\/pervinca.cn\/pb\/wp-json\/wp\/v2\/pages"}],"about":[{"href":"https:\/\/pervinca.cn\/pb\/wp-json\/wp\/v2\/types\/page"}],"author":[{"embeddable":true,"href":"https:\/\/pervinca.cn\/pb\/wp-json\/wp\/v2\/users\/2"}],"replies":[{"embeddable":true,"href":"https:\/\/pervinca.cn\/pb\/wp-json\/wp\/v2\/comments?post=1913"}],"version-history":[{"count":0,"href":"https:\/\/pervinca.cn\/pb\/wp-json\/wp\/v2\/pages\/1913\/revisions"}],"wp:attachment":[{"href":"https:\/\/pervinca.cn\/pb\/wp-json\/wp\/v2\/media?parent=1913"}],"curies":[{"name":"wp","href":"https:\/\/api.w.org\/{rel}","templated":true}]}}