{"id":1124007,"date":"2007-01-07T00:00:00","date_gmt":"2007-01-06T21:00:00","guid":{"rendered":"https:\/\/superon.cn\/catalogue\/uncategorized\/07-124\/"},"modified":"2026-04-23T06:44:54","modified_gmt":"2026-04-23T03:44:54","slug":"07-124","status":"publish","type":"product","link":"https:\/\/pervinca.cn\/pb\/catalogue\/07-brackets\/push-to-open-07-brackets\/07-124\/","title":{"rendered":"Cierre expulsador"},"content":{"rendered":"- Para portas sobrepostas.<br \/>&#8211; Cabe\u00e7a magn\u00e9tica.<br \/>&#8211; Contraplacado: autoadesivo, com encaixe ou com parafuso.<br \/>&#8211; Instalado em furo perfurado.<br \/>&#8211; Dist\u00e2ncia de abertura: : 7  mm.<\/p>\n<p>A especifica\u00e7\u00e3o de contraplacado:<br \/>K &#8211; autoadesivo contraplacado<br \/>N &#8211; encaixe e parafuso","protected":false},"excerpt":{"rendered":"<p>&#8211; Para portas sobrepostas.&#8211; Cabe\u00e7a magn\u00e9tica.&#8211; Contraplacado: autoadesivo, com encaixe ou com parafuso.&#8211; Instalado em furo perfurado.&#8211; Dist\u00e2ncia de abertura: : 7 mm. A especifica\u00e7\u00e3o de contraplacado:K &#8211; autoadesivo contraplacadoN &#8211; encaixe e parafuso<\/p>\n","protected":false},"featured_media":0,"comment_status":"open","ping_status":"closed","template":"","meta":[],"product_brand":[],"product_cat":[368171,368219],"product_tag":[],"class_list":{"0":"post-1124007","1":"product","2":"type-product","3":"status-publish","5":"product_cat-07-brackets","6":"product_cat-push-to-open-07-brackets","7":"no-featured-image-padding","8":"sales-flash-overlay","9":"woocommerce-text-align-center","10":"woocommerce-image-align-center","11":"do-quantity-buttons","13":"first","14":"instock","15":"shipping-taxable","16":"purchasable","17":"product-type-variable"},"_links":{"self":[{"href":"https:\/\/pervinca.cn\/pb\/wp-json\/wp\/v2\/product\/1124007","targetHints":{"allow":["GET"]}}],"collection":[{"href":"https:\/\/pervinca.cn\/pb\/wp-json\/wp\/v2\/product"}],"about":[{"href":"https:\/\/pervinca.cn\/pb\/wp-json\/wp\/v2\/types\/product"}],"replies":[{"embeddable":true,"href":"https:\/\/pervinca.cn\/pb\/wp-json\/wp\/v2\/comments?post=1124007"}],"wp:attachment":[{"href":"https:\/\/pervinca.cn\/pb\/wp-json\/wp\/v2\/media?parent=1124007"}],"wp:term":[{"taxonomy":"product_brand","embeddable":true,"href":"https:\/\/pervinca.cn\/pb\/wp-json\/wp\/v2\/product_brand?post=1124007"},{"taxonomy":"product_cat","embeddable":true,"href":"https:\/\/pervinca.cn\/pb\/wp-json\/wp\/v2\/product_cat?post=1124007"},{"taxonomy":"product_tag","embeddable":true,"href":"https:\/\/pervinca.cn\/pb\/wp-json\/wp\/v2\/product_tag?post=1124007"}],"curies":[{"name":"wp","href":"https:\/\/api.w.org\/{rel}","templated":true}]}}