{"id":1124836,"date":"2007-01-07T00:00:00","date_gmt":"2007-01-06T21:00:00","guid":{"rendered":"https:\/\/superon.cn\/catalogue\/uncategorized\/03-106\/"},"modified":"2026-04-23T06:45:15","modified_gmt":"2026-04-23T03:45:15","slug":"03-106","status":"publish","type":"product","link":"https:\/\/pervinca.cn\/pb\/catalogue\/03-locks\/for-drawers\/03-106\/","title":{"rendered":"Cerradura de caj\u00f3n, #106"},"content":{"rendered":"A especifica\u00e7\u00e3o de fechadura:<br \/>Z: cuerpo y barril de aleaci\u00f3n de zinc<br \/>R: corpo de a\u00e7o, barril de aleaci\u00f3n de zinc<br \/>RP: corpo de a\u00e7o, barril de pl\u00e1stico<\/p>\n<p>Chaves:<br \/>-sem carta: chave de a\u00e7o com cabe\u00e7a de pl\u00e1stico<br \/>-F: chave de a\u00e7o com cabe\u00e7a dobr\u00e1vel","protected":false},"excerpt":{"rendered":"<p>A especifica\u00e7\u00e3o de fechadura:Z: cuerpo y barril de aleaci\u00f3n de zincR: corpo de a\u00e7o, barril de aleaci\u00f3n de zincRP: corpo de a\u00e7o, barril de pl\u00e1stico Chaves:-sem carta: chave de a\u00e7o com cabe\u00e7a de pl\u00e1stico-F: chave de a\u00e7o com cabe\u00e7a dobr\u00e1vel<\/p>\n","protected":false},"featured_media":0,"comment_status":"open","ping_status":"closed","template":"","meta":[],"product_brand":[],"product_cat":[368195,368270],"product_tag":[],"class_list":{"0":"post-1124836","1":"product","2":"type-product","3":"status-publish","5":"product_cat-03-locks","6":"product_cat-for-drawers","7":"no-featured-image-padding","8":"sales-flash-overlay","9":"woocommerce-text-align-center","10":"woocommerce-image-align-center","11":"do-quantity-buttons","13":"first","14":"instock","15":"shipping-taxable","16":"purchasable","17":"product-type-variable"},"_links":{"self":[{"href":"https:\/\/pervinca.cn\/pb\/wp-json\/wp\/v2\/product\/1124836","targetHints":{"allow":["GET"]}}],"collection":[{"href":"https:\/\/pervinca.cn\/pb\/wp-json\/wp\/v2\/product"}],"about":[{"href":"https:\/\/pervinca.cn\/pb\/wp-json\/wp\/v2\/types\/product"}],"replies":[{"embeddable":true,"href":"https:\/\/pervinca.cn\/pb\/wp-json\/wp\/v2\/comments?post=1124836"}],"wp:attachment":[{"href":"https:\/\/pervinca.cn\/pb\/wp-json\/wp\/v2\/media?parent=1124836"}],"wp:term":[{"taxonomy":"product_brand","embeddable":true,"href":"https:\/\/pervinca.cn\/pb\/wp-json\/wp\/v2\/product_brand?post=1124836"},{"taxonomy":"product_cat","embeddable":true,"href":"https:\/\/pervinca.cn\/pb\/wp-json\/wp\/v2\/product_cat?post=1124836"},{"taxonomy":"product_tag","embeddable":true,"href":"https:\/\/pervinca.cn\/pb\/wp-json\/wp\/v2\/product_tag?post=1124836"}],"curies":[{"name":"wp","href":"https:\/\/api.w.org\/{rel}","templated":true}]}}