{"id":1125068,"date":"2007-01-07T00:00:00","date_gmt":"2007-01-06T21:00:00","guid":{"rendered":"https:\/\/superon.cn\/catalogue\/uncategorized\/10-061\/"},"modified":"2026-04-23T06:45:19","modified_gmt":"2026-04-23T03:45:19","slug":"10-061","status":"publish","type":"product","link":"https:\/\/pervinca.cn\/pb\/catalogue\/10-connecting-fittings\/mounting-elements\/10-061\/","title":{"rendered":"Tornillo de uni\u00f3n y casquillo, M4\/D5"},"content":{"rendered":"Est\u00e3o dispon\u00edveis as seguintes variantes:<br \/>&#8211; s\u00f3 tomada (sem parafuso),<br \/>&#8211; s\u00f3 parafuso (sem tomada),<br \/>&#8211; conjunto (tomada e parafuso).","protected":false},"excerpt":{"rendered":"<p>Est\u00e3o dispon\u00edveis as seguintes variantes:&#8211; s\u00f3 tomada (sem parafuso),&#8211; s\u00f3 parafuso (sem tomada),&#8211; conjunto (tomada e parafuso).<\/p>\n","protected":false},"featured_media":0,"comment_status":"open","ping_status":"closed","template":"","meta":[],"product_brand":[],"product_cat":[368169,368222],"product_tag":[],"class_list":{"0":"post-1125068","1":"product","2":"type-product","3":"status-publish","5":"product_cat-10-connecting-fittings","6":"product_cat-mounting-elements","7":"no-featured-image-padding","8":"sales-flash-overlay","9":"woocommerce-text-align-center","10":"woocommerce-image-align-center","11":"do-quantity-buttons","13":"first","14":"instock","15":"featured","16":"shipping-taxable","17":"purchasable","18":"product-type-variable"},"_links":{"self":[{"href":"https:\/\/pervinca.cn\/pb\/wp-json\/wp\/v2\/product\/1125068","targetHints":{"allow":["GET"]}}],"collection":[{"href":"https:\/\/pervinca.cn\/pb\/wp-json\/wp\/v2\/product"}],"about":[{"href":"https:\/\/pervinca.cn\/pb\/wp-json\/wp\/v2\/types\/product"}],"replies":[{"embeddable":true,"href":"https:\/\/pervinca.cn\/pb\/wp-json\/wp\/v2\/comments?post=1125068"}],"wp:attachment":[{"href":"https:\/\/pervinca.cn\/pb\/wp-json\/wp\/v2\/media?parent=1125068"}],"wp:term":[{"taxonomy":"product_brand","embeddable":true,"href":"https:\/\/pervinca.cn\/pb\/wp-json\/wp\/v2\/product_brand?post=1125068"},{"taxonomy":"product_cat","embeddable":true,"href":"https:\/\/pervinca.cn\/pb\/wp-json\/wp\/v2\/product_cat?post=1125068"},{"taxonomy":"product_tag","embeddable":true,"href":"https:\/\/pervinca.cn\/pb\/wp-json\/wp\/v2\/product_tag?post=1125068"}],"curies":[{"name":"wp","href":"https:\/\/api.w.org\/{rel}","templated":true}]}}