{"id":1125630,"date":"2014-11-21T17:12:35","date_gmt":"2014-11-21T14:12:35","guid":{"rendered":"https:\/\/superon.cn\/catalogue\/uncategorized\/08-426\/"},"modified":"2026-04-23T06:45:28","modified_gmt":"2026-04-23T03:45:28","slug":"08-426","status":"publish","type":"product","link":"https:\/\/pervinca.cn\/pb\/catalogue\/08-shelf-supports\/hidden\/08-426\/","title":{"rendered":"Exc\u00e9ntricas de estante, D=20"},"content":{"rendered":"- A cabe\u00e7a do parafuso \u00e9 empurrada na ranhura do encaixe.<br \/>&#8211; As endenta\u00e7\u00f5es na ranhura puxam o painel lateral durante a instala\u00e7\u00e3o e mant\u00eam-no apertado.","protected":false},"excerpt":{"rendered":"<p>&#8211; A cabe\u00e7a do parafuso \u00e9 empurrada na ranhura do encaixe.&#8211; As endenta\u00e7\u00f5es na ranhura puxam o painel lateral durante a instala\u00e7\u00e3o e mant\u00eam-no apertado.<\/p>\n","protected":false},"featured_media":0,"comment_status":"open","ping_status":"closed","template":"","meta":[],"product_brand":[],"product_cat":[368184,368187],"product_tag":[],"class_list":{"0":"post-1125630","1":"product","2":"type-product","3":"status-publish","5":"product_cat-08-shelf-supports","6":"product_cat-hidden","7":"no-featured-image-padding","8":"sales-flash-overlay","9":"woocommerce-text-align-center","10":"woocommerce-image-align-center","11":"do-quantity-buttons","13":"first","14":"instock","15":"shipping-taxable","16":"purchasable","17":"product-type-variable"},"_links":{"self":[{"href":"https:\/\/pervinca.cn\/pb\/wp-json\/wp\/v2\/product\/1125630","targetHints":{"allow":["GET"]}}],"collection":[{"href":"https:\/\/pervinca.cn\/pb\/wp-json\/wp\/v2\/product"}],"about":[{"href":"https:\/\/pervinca.cn\/pb\/wp-json\/wp\/v2\/types\/product"}],"replies":[{"embeddable":true,"href":"https:\/\/pervinca.cn\/pb\/wp-json\/wp\/v2\/comments?post=1125630"}],"wp:attachment":[{"href":"https:\/\/pervinca.cn\/pb\/wp-json\/wp\/v2\/media?parent=1125630"}],"wp:term":[{"taxonomy":"product_brand","embeddable":true,"href":"https:\/\/pervinca.cn\/pb\/wp-json\/wp\/v2\/product_brand?post=1125630"},{"taxonomy":"product_cat","embeddable":true,"href":"https:\/\/pervinca.cn\/pb\/wp-json\/wp\/v2\/product_cat?post=1125630"},{"taxonomy":"product_tag","embeddable":true,"href":"https:\/\/pervinca.cn\/pb\/wp-json\/wp\/v2\/product_tag?post=1125630"}],"curies":[{"name":"wp","href":"https:\/\/api.w.org\/{rel}","templated":true}]}}