{"id":1128876,"date":"2018-02-01T13:15:24","date_gmt":"2018-02-01T10:15:24","guid":{"rendered":"https:\/\/superon.cn\/catalogue\/uncategorized\/07-136\/"},"modified":"2026-04-23T06:46:44","modified_gmt":"2026-04-23T03:46:44","slug":"07-136","status":"publish","type":"product","link":"https:\/\/pervinca.cn\/pb\/catalogue\/07-brackets\/push-to-open-07-brackets\/07-136\/","title":{"rendered":"Cierre expulsador"},"content":{"rendered":"- Cabe\u00e7a magn\u00e9tica<br \/>&#8211; Extens\u00e3o ajust\u00e1vel da cabe\u00e7a e<br \/>&#8211; Instalado com parafusos<\/p>\n<p>A especifica\u00e7\u00e3o de contraplacado:<br \/>K &#8211; autoadesivo contraplacado<br \/>N &#8211; encaixe e parafuso<br \/>KN &#8211; autoadesivo contraplacado + com encaixe e com parafuso<br \/>\u041e &#8211; parafuso de cabe\u00e7a grande<br \/>J &#8211; autoadesivo contraplacado com parafuso","protected":false},"excerpt":{"rendered":"<p>&#8211; Cabe\u00e7a magn\u00e9tica&#8211; Extens\u00e3o ajust\u00e1vel da cabe\u00e7a e&#8211; Instalado com parafusos A especifica\u00e7\u00e3o de contraplacado:K &#8211; autoadesivo contraplacadoN &#8211; encaixe e parafusoKN &#8211; autoadesivo contraplacado + com encaixe e com parafuso\u041e &#8211; parafuso de cabe\u00e7a grandeJ &#8211; autoadesivo contraplacado com parafuso<\/p>\n","protected":false},"featured_media":0,"comment_status":"open","ping_status":"closed","template":"","meta":[],"product_brand":[],"product_cat":[368171,368219],"product_tag":[],"class_list":{"0":"post-1128876","1":"product","2":"type-product","3":"status-publish","5":"product_cat-07-brackets","6":"product_cat-push-to-open-07-brackets","7":"no-featured-image-padding","8":"sales-flash-overlay","9":"woocommerce-text-align-center","10":"woocommerce-image-align-center","11":"do-quantity-buttons","13":"first","14":"instock","15":"shipping-taxable","16":"purchasable","17":"product-type-variable"},"_links":{"self":[{"href":"https:\/\/pervinca.cn\/pb\/wp-json\/wp\/v2\/product\/1128876","targetHints":{"allow":["GET"]}}],"collection":[{"href":"https:\/\/pervinca.cn\/pb\/wp-json\/wp\/v2\/product"}],"about":[{"href":"https:\/\/pervinca.cn\/pb\/wp-json\/wp\/v2\/types\/product"}],"replies":[{"embeddable":true,"href":"https:\/\/pervinca.cn\/pb\/wp-json\/wp\/v2\/comments?post=1128876"}],"wp:attachment":[{"href":"https:\/\/pervinca.cn\/pb\/wp-json\/wp\/v2\/media?parent=1128876"}],"wp:term":[{"taxonomy":"product_brand","embeddable":true,"href":"https:\/\/pervinca.cn\/pb\/wp-json\/wp\/v2\/product_brand?post=1128876"},{"taxonomy":"product_cat","embeddable":true,"href":"https:\/\/pervinca.cn\/pb\/wp-json\/wp\/v2\/product_cat?post=1128876"},{"taxonomy":"product_tag","embeddable":true,"href":"https:\/\/pervinca.cn\/pb\/wp-json\/wp\/v2\/product_tag?post=1128876"}],"curies":[{"name":"wp","href":"https:\/\/api.w.org\/{rel}","templated":true}]}}