{"id":1913,"date":"2014-12-01T10:08:18","date_gmt":"2014-12-01T07:08:18","guid":{"rendered":"http:\/\/new.superon.cn\/?page_id=1913"},"modified":"2024-05-31T08:21:07","modified_gmt":"2024-05-31T05:21:07","slug":"about-us","status":"publish","type":"page","link":"https:\/\/pervinca.cn\/tr\/about-us\/","title":{"rendered":"Hakk\u0131m\u0131zda"},"content":{"rendered":"<div class=\"su-tabs su-tabs-style-default su-tabs-mobile-scroll\" data-active=\"1\" data-scroll-offset=\"0\" data-anchor-in-url=\"no\"><div class=\"su-tabs-nav\"><span class=\"\" data-url=\"\" data-target=\"blank\" tabindex=\"0\" role=\"button\">F\u0130RMA HAKKINDA<\/span><span class=\"\" data-url=\"\" data-target=\"blank\" tabindex=\"0\" role=\"button\">SATI\u015e KO\u015eULLARI<\/span><span class=\"\" data-url=\"\" data-target=\"blank\" tabindex=\"0\" role=\"button\">YUKLEME KO\u015eULLARI<\/span><span class=\"\" data-url=\"\" data-target=\"blank\" tabindex=\"0\" role=\"button\">KAL\u0130TE GARANT\u0130S\u0130<\/span><span class=\"\" data-url=\"\" data-target=\"blank\" tabindex=\"0\" role=\"button\">SIK\u00c7A SORULAN SORULAR<\/span><\/div><div class=\"su-tabs-panes\"><div class=\"su-tabs-pane su-u-clearfix su-u-trim\" data-title=\"F\u0130RMA HAKKINDA\">\n<p>\u201cPervinca Limited\u201d mobilya aksesuarlar\u0131 ihra\u00e7 eden bir Hong Kong \u015firketidir. \u00c7ok \u00e7e\u015fitli mobilya aksesuarlar\u0131 Asya ilkelerinden t\u00fcm d\u00fcnyaya ihra\u00e7 etmekteyiz.\u00a0 Kendimizi tek bir sekt\u00f6rde tutmam\u0131z i\u015fbu piyasada uzmanla\u015fmaya yard\u0131mc\u0131 oluyor.<\/p>\n<p>\u0130\u015fimizi profesyonelce yapar ve her m\u00fc\u015fterinin her sipari\u015fini titizlikle kontrol ederiz. Mallar\u0131m\u0131z\u0131 y\u00fcklemekle birlikte bilgilerimizi ve tecr\u00fcbemizi payla\u015f\u0131r\u0131z. Sizin i\u00e7in hepimizin ya\u015fad\u0131\u00fc\u0131m\u0131z d\u00fc\u015f\u00fck kar ve \u015feffaf maliyetler i\u015f d\u00fcnyam\u0131zda mallar\u0131m\u0131z\u0131n de\u011ferini artt\u0131rmaya \u00e7al\u0131\u015f\u0131yoruz.<\/p>\n<p>Bizim dijital katalo\u011fumuzs \u00e7e\u015fitleri se\u00e7erek ekledik ve \u00fcr\u00fcnlerin detaylar\u0131 yazd\u0131k. Her irin yan\u0131nda bulundu\u011fu \u2018sepete ekle\u2019 tu\u015funa t\u0131klayarak \u00fcr\u00fcn\u00fc sepete ekleyebilirsiniz. En sonunda sepetteki tu\u015fs basarak listeyi bize g\u00f6nderebilirsiniz.<\/p>\n<p>Sizin mesaj\u0131n\u0131z\u0131 ve istekleri bekler hay\u0131rl\u0131 i\u015fler dileriz.<\/div>\n<div class=\"su-tabs-pane su-u-clearfix su-u-trim\" data-title=\"SATI\u015e KO\u015eULLARI\">\n\u00d6deme ko\u015fullar\u0131 sipari\u015f miktar\u0131na g\u00f6re g\u00f6r\u00fc\u015f\u00fclebilmektedir.<\/div>\n<div class=\"su-tabs-pane su-u-clearfix su-u-trim\" data-title=\"YUKLEME KO\u015eULLARI\">\nVerebilece\u00fcimiz fiyat \u015fekilleri:<br \/>\nExW: mallar depomuzdan sizin acenta taraf\u0131n\u0131zdan al\u0131nacakt\u0131r.<br \/>\nFOB: gemi g\u00fcvertisine kadar t\u00fcm i\u015flemleri ve g\u00fcmr\u00fcklemeyi bizim taraf\u0131m\u0131zdanyap\u0131lmaktad\u0131r.<br \/>\nVar\u0131\u015f noktas\u0131na kadar deniz navlunu ayaralam\u0131yoruz ve var\u0131\u015f \u00fclkesinde g\u00fcmr\u00fck i\u015flemlerini d\u00fczenleyemiyoruz.<\/div>\n<div class=\"su-tabs-pane su-u-clearfix su-u-trim\" data-title=\"KAL\u0130TE GARANT\u0130S\u0130\">\nHer sipari\u015fin kalitesini kontrol edece\u011fimize s\u00f6z veriyoruz. Kaliteyi kendiniz veya ba\u015fka bir denetim \u015firketi taraf\u0131ndan kontrol etmek isterseniz, denetleme eleman\u0131n depomuzu ziyaret etmesine ve kontrol etmesine izin verece\u011fiz. Denetim s\u00fcrecini tamamen kendisi y\u00fcr\u00fctmelidir.<\/div>\n<div class=\"su-tabs-pane su-u-clearfix su-u-trim\" data-title=\"SIK\u00c7A SORULAN SORULAR\">\n\r\n\r\n    \r\n    <ul class=\"filters faq\">\r\n         <li class=\"all\"><a href=\"#all\" data-option-value=\"*\" class=\"all active\"><div class=\"prepend\"><\/div>All Categories<\/a><\/li>\r\n         <li><a href=\"#delievery-faq\" data-option-value=\".delievery-faq\">Teslimat<\/a><\/li><li><a href=\"#general-faq\" data-option-value=\".general-faq\">Genel sorular<\/a><\/li><li><a href=\"#prices-faq\" data-option-value=\".prices-faq\">Fiyatlar<\/a><\/li>    <\/ul>\r\n\r\n\r\n    <div class=\"faq-filters-container\">\r\n        <div class=\"faq-filters group\">\r\n            <p><\/p>\r\n            <select id=\"faq-filters-select\">\r\n                <option value=\"*\">All Categories<\/option>\r\n                                    <option value=\".delievery-faq\">Teslimat<\/option>\r\n                                    <option value=\".general-faq\">Genel sorular<\/option>\r\n                                    <option value=\".prices-faq\">Fiyatlar<\/option>\r\n                            <\/select>\r\n        <\/div>\r\n    <\/div>\r\n\r\n\r\n<div id=\"faqs-container\">\r\n    \r\n        <div class=\"faq-wrapper all general-faq \">\r\n            <div class=\"faq-title\">\r\n                <div class=\"plus\"><\/div>\r\n                <h4>Sizin T\u00fcrkiye\u2019de veya ba\u015fka bir \u00fclkede \u015fubeniz veya temsilciniz var m\u0131?<\/h4>\r\n            <\/div>\r\n            <div class=\"faq-item\">\r\n                <div class=\"faq-item-content\">\r\n                    <p>Hay\u0131r, sizinle direk olarak \u00e7al\u0131\u015fmak istiyoruz. Temsilcilik veya \u015fubelik anla\u015fmalar\u0131 yapm\u0131yoruz.<\/p>\n                <\/div>\r\n            <\/div>\r\n        <\/div>\r\n\r\n    \r\n        <div class=\"faq-wrapper all delievery-faq \">\r\n            <div class=\"faq-title\">\r\n                <div class=\"plus\"><\/div>\r\n                <h4>\u00dclkemize kadar navlun ve g\u00fcmr\u00fckleme masraflari ne kadar olur?<\/h4>\r\n            <\/div>\r\n            <div class=\"faq-item\">\r\n                <div class=\"faq-item-content\">\r\n                    <p>Fiyatlar FOB baz\u0131nda verilir, yani mallar\u0131n gemi g\u00fcvertesine kadar y\u00fcklemesi ve \u00c7in\u2019deki g\u00fcmr\u00fcklemesini dahil ederler. \u015eirketimiz deniz navlunu ve var\u0131\u015f \u00fclkesinde g\u00fcmr\u00fckleme ile u\u011fra\u015fm\u0131yoruz. Bunu masraflar\u0131 yerli g\u00fcmr\u00fckleme ve denizcilik \u015firketlerinden daha kolay \u00f6\u011frenirsiniz.<\/p>\n                <\/div>\r\n            <\/div>\r\n        <\/div>\r\n\r\n    \r\n        <div class=\"faq-wrapper all delievery-faq \">\r\n            <div class=\"faq-title\">\r\n                <div class=\"plus\"><\/div>\r\n                <h4>Bir konteynerlik sipari\u015f takriben ne kadar tutar?<\/h4>\r\n            <\/div>\r\n            <div class=\"faq-item\">\r\n                <div class=\"faq-item-content\">\r\n                    <p>\u0130\u00e7erdi\u011fi mallara g\u00f6re \u00e7ok de\u011fi\u015fir, genel olarak ise 25,000\u2019den 60,000 amerikan dolar\u0131na kadar, ve \u00fcst\u00fc.<\/p>\n                <\/div>\r\n            <\/div>\r\n        <\/div>\r\n\r\n    \r\n        <div class=\"faq-wrapper all general-faq \">\r\n            <div class=\"faq-title\">\r\n                <div class=\"plus\"><\/div>\r\n                <h4>Bir konteynerden daha az miktarda sipari\u015f verebilir miyiz?<\/h4>\r\n            <\/div>\r\n            <div class=\"faq-item\">\r\n                <div class=\"faq-item-content\">\r\n                    <p>Evet, istedi\u011finiz gibi sipari\u015f verebilirsiniz. Yaln\u0131z sipari\u015f tutar\u0131 10,000 dolar alt\u0131nda oldu\u011funda ihracat masraflar\u0131n\u0131n bir k\u0131sm\u0131 kar\u015f\u0131la\u015fman\u0131z\u0131 isteyebiliriz.<\/p>\n                <\/div>\r\n            <\/div>\r\n        <\/div>\r\n\r\n    \r\n        <div class=\"faq-wrapper all general-faq \">\r\n            <div class=\"faq-title\">\r\n                <div class=\"plus\"><\/div>\r\n                <h4>Bize n\u00fcm\u00fcneleri g\u00f6nderebilir misiniz?<\/h4>\r\n            <\/div>\r\n            <div class=\"faq-item\">\r\n                <div class=\"faq-item-content\">\r\n                    <p>Evet, sipari\u015fi olu\u015fturduktan ve fiyatlar\u0131m\u0131z\u0131 teyid ett\u0131\u011f\u0131n\u0131zden sonra ama \u00f6n\u00f6demeyi havale etmeden \u00f6nce, kalite\u00a0denetimi\u00a0i\u00e7in istedi\u011finiz numuneleri size g\u00f6nderebiliriz.<\/p>\n                <\/div>\r\n            <\/div>\r\n        <\/div>\r\n\r\n    \r\n        <div class=\"faq-wrapper all general-faq \">\r\n            <div class=\"faq-title\">\r\n                <div class=\"plus\"><\/div>\r\n                <h4>Sitenizde olmayan \u00e7e\u015fitleri bizim i\u00e7in bulabilir misiniz?<\/h4>\r\n            <\/div>\r\n            <div class=\"faq-item\">\r\n                <div class=\"faq-item-content\">\r\n                    <p>E\u011fer arad\u0131\u011f\u0131n\u0131z \u00e7e\u015fitler mobilya aksesuarlar\u0131 veya ba\u011flant\u0131 elemanlar\u0131 ise, sizin i\u00e7in yeni \u00fcr\u00fcnleri arayabiliriz. Bunun i\u00e7in bize sadece \u00fcr\u00fcn\u00fcn resmi veya \u00e7izimi g\u00f6ndermeniz yeterli olur.<\/p>\n                <\/div>\r\n            <\/div>\r\n        <\/div>\r\n\r\n    \r\n        <div class=\"faq-wrapper all general-faq \">\r\n            <div class=\"faq-title\">\r\n                <div class=\"plus\"><\/div>\r\n                <h4>\u00dcretim s\u00fcreleri ne kadard\u0131r?<\/h4>\r\n            <\/div>\r\n            <div class=\"faq-item\">\r\n                <div class=\"faq-item-content\">\r\n                    <p>Yakla\u015f\u0131k olarak 25-30 g\u00fcnd\u00fcr. \u00dcretim s\u00fcresi farkl\u0131 d\u00f6nemlerde fabrikalar\u0131n \u00fcretim kapasitesinin dolum oran\u0131na g\u00f6re de\u011fi\u015fir. Ama sipari\u015f verdi\u011fi zaman size \u00f6ng\u00f6r\u00fclen haz\u0131rlama tarihini bildirebilirsiniz.<\/p>\n                <\/div>\r\n            <\/div>\r\n        <\/div>\r\n\r\n    \r\n        <div class=\"faq-wrapper all prices-faq \">\r\n            <div class=\"faq-title\">\r\n                <div class=\"plus\"><\/div>\r\n                <h4>\u00dcr\u00fcnlerinizin tamam\u0131n\u0131 i\u00e7eren fiyat listenizi g\u00f6nderebilir misiniz?<\/h4>\r\n            <\/div>\r\n            <div class=\"faq-item\">\r\n                <div class=\"faq-item-content\">\r\n                    <p>Tam fiyat listesi haz\u0131rlam\u0131yoruz, \u00e7\u00fcnk\u00fc \u00fcr\u00fcn say\u0131s\u0131 fazla ve fiyatlar s\u00fcrekli hammade ve di\u011fer maliyetlerden dolay\u0131 de\u011fi\u015fmektedir. Ayr\u0131ca bizim s\u00fcrekli fiyat yenilememiz sizi piyasan\u0131n fiyatlar\u0131ndan haberdar etmektedir.er.<\/p>\n                <\/div>\r\n            <\/div>\r\n        <\/div>\r\n\r\n    \r\n        <div class=\"faq-wrapper all prices-faq \">\r\n            <div class=\"faq-title\">\r\n                <div class=\"plus\"><\/div>\r\n                <h4>Fiyatlar\u0131n\u0131z\u0131 nas\u0131l \u00f6\u011frenebiliriz?<\/h4>\r\n            <\/div>\r\n            <div class=\"faq-item\">\r\n                <div class=\"faq-item-content\">\r\n                    <p>Bunun i\u00e7in sitemizden bize listeyi g\u00f6ndermeniz yeterlidir.<\/p>\n<p>Her \u00e7e\u015fidinin yan\u0131nda bulunan \u2018sepete ekle\u2019 d\u00fc\u011fmesine basarak ilgilendi\u011finiz \u00fcr\u00fcnlerin listesini olu\u015fturursunuz. Ondan sonra \u00fcst taraf\u0131nda yer alan \u2018\u00f6n sipari\u015fi g\u00f6nder\u2019 d\u00fc\u011fmesine bas\u0131p ve irtibat bilgileri girerek olu\u015fturmu\u015f oldu\u011funuz listeyi bize ula\u015ft\u0131rabilirsiniz. Sizin listenizi al\u0131nca T\u00fcrk\u00e7eyi bilen sat\u0131\u015f sorumlusu sizinle irtibata ge\u00e7er, ve listenizin \u00fczerinde g\u00f6r\u00fc\u015f\u00fcp 2-3 g\u00fcn i\u00e7erisinde size fiyatlar\u0131 bildirecek.<\/p>\n                <\/div>\r\n            <\/div>\r\n        <\/div>\r\n\r\n    \r\n        <div class=\"faq-wrapper all general-faq \">\r\n            <div class=\"faq-title\">\r\n                <div class=\"plus\"><\/div>\r\n                <h4>Sizinle hangi saatlerde irtibat kurabiliriz?<\/h4>\r\n            <\/div>\r\n            <div class=\"faq-item\">\r\n                <div class=\"faq-item-content\">\r\n                    <p>\u00c7in\u2019in T\u00fcrkiye ile aras\u0131nda yaz\u0131n 5 saat, k\u0131\u015f\u0131n 6 saat fark\u0131 var. En uygun zaman\u0131 T\u00fcrkiye saati ile sabahleyin g\u00f6r\u00fc\u015fmektir. Saat fark\u0131ndan dolay\u0131 bazen emaillere ertesi g\u00fcn cevap verebiliriz.<\/p>\n                <\/div>\r\n            <\/div>\r\n        <\/div>\r\n\r\n    <\/div><\/div><\/div><\/div>","protected":false},"excerpt":{"rendered":"","protected":false},"author":2,"featured_media":0,"parent":0,"menu_order":0,"comment_status":"closed","ping_status":"closed","template":"","meta":{"footnotes":""},"class_list":["post-1913","page","type-page","status-publish","hentry","no-featured-image-padding"],"_links":{"self":[{"href":"https:\/\/pervinca.cn\/tr\/wp-json\/wp\/v2\/pages\/1913","targetHints":{"allow":["GET"]}}],"collection":[{"href":"https:\/\/pervinca.cn\/tr\/wp-json\/wp\/v2\/pages"}],"about":[{"href":"https:\/\/pervinca.cn\/tr\/wp-json\/wp\/v2\/types\/page"}],"author":[{"embeddable":true,"href":"https:\/\/pervinca.cn\/tr\/wp-json\/wp\/v2\/users\/2"}],"replies":[{"embeddable":true,"href":"https:\/\/pervinca.cn\/tr\/wp-json\/wp\/v2\/comments?post=1913"}],"version-history":[{"count":0,"href":"https:\/\/pervinca.cn\/tr\/wp-json\/wp\/v2\/pages\/1913\/revisions"}],"wp:attachment":[{"href":"https:\/\/pervinca.cn\/tr\/wp-json\/wp\/v2\/media?parent=1913"}],"curies":[{"name":"wp","href":"https:\/\/api.w.org\/{rel}","templated":true}]}}