{"id":1122523,"date":"2025-11-28T15:18:58","date_gmt":"2025-11-28T12:18:58","guid":{"rendered":"https:\/\/superon.cn\/catalogue\/uncategorized\/08-001-p\/"},"modified":"2026-04-23T06:44:18","modified_gmt":"2026-04-23T03:44:18","slug":"08-001-p","status":"publish","type":"product","link":"https:\/\/pervinca.cn\/tr\/catalogue\/08-shelf-supports\/basic\/08-001-p\/","title":{"rendered":"Raf tutucusu"},"content":{"rendered":"08-001-P0 &#8211; silikon kapa\u011f\u0131 dahil, monte edilmemi\u015f<br \/>08-001-P1 &#8211; silikon kapag\u0131 monte edilmi\u015f","protected":false},"excerpt":{"rendered":"<p>08-001-P0 &#8211; silikon kapa\u011f\u0131 dahil, monte edilmemi\u015f08-001-P1 &#8211; silikon kapag\u0131 monte edilmi\u015f<\/p>\n","protected":false},"featured_media":0,"comment_status":"open","ping_status":"closed","template":"","meta":[],"product_brand":[],"product_cat":[368184,368185],"product_tag":[],"class_list":{"0":"post-1122523","1":"product","2":"type-product","3":"status-publish","5":"product_cat-08-shelf-supports","6":"product_cat-basic","7":"no-featured-image-padding","8":"sales-flash-overlay","9":"woocommerce-text-align-center","10":"woocommerce-image-align-center","11":"do-quantity-buttons","13":"first","14":"instock","15":"shipping-taxable","16":"purchasable","17":"product-type-variable"},"_links":{"self":[{"href":"https:\/\/pervinca.cn\/tr\/wp-json\/wp\/v2\/product\/1122523","targetHints":{"allow":["GET"]}}],"collection":[{"href":"https:\/\/pervinca.cn\/tr\/wp-json\/wp\/v2\/product"}],"about":[{"href":"https:\/\/pervinca.cn\/tr\/wp-json\/wp\/v2\/types\/product"}],"replies":[{"embeddable":true,"href":"https:\/\/pervinca.cn\/tr\/wp-json\/wp\/v2\/comments?post=1122523"}],"wp:attachment":[{"href":"https:\/\/pervinca.cn\/tr\/wp-json\/wp\/v2\/media?parent=1122523"}],"wp:term":[{"taxonomy":"product_brand","embeddable":true,"href":"https:\/\/pervinca.cn\/tr\/wp-json\/wp\/v2\/product_brand?post=1122523"},{"taxonomy":"product_cat","embeddable":true,"href":"https:\/\/pervinca.cn\/tr\/wp-json\/wp\/v2\/product_cat?post=1122523"},{"taxonomy":"product_tag","embeddable":true,"href":"https:\/\/pervinca.cn\/tr\/wp-json\/wp\/v2\/product_tag?post=1122523"}],"curies":[{"name":"wp","href":"https:\/\/api.w.org\/{rel}","templated":true}]}}