{"id":1124085,"date":"2007-01-07T00:00:00","date_gmt":"2007-01-06T21:00:00","guid":{"rendered":"https:\/\/superon.cn\/catalogue\/uncategorized\/07-312\/"},"modified":"2026-04-23T06:44:56","modified_gmt":"2026-04-23T03:44:56","slug":"07-312","status":"publish","type":"product","link":"https:\/\/pervinca.cn\/tr\/catalogue\/07-brackets\/push-to-open-07-brackets\/07-312\/","title":{"rendered":"Fil \u00e7\u0131t\u00e7\u0131t"},"content":{"rendered":"- \u00c7ift yayl\u0131, sa\u011flam g\u00f6vdeli.<br \/>&#8211; \u0130stikrarl\u0131 \u00e7al\u0131\u015fmas\u0131<br \/>&#8211; Yayl\u0131 (zamak) kar\u015f\u0131l\u0131kl\u0131 \u00e7e\u015fidi de mevcut. (07-312-Z)<br \/>&#8211; \u00dcr\u00fcn \u00fczerine logonuz bast\u0131r\u0131labilir.","protected":false},"excerpt":{"rendered":"<p>&#8211; \u00c7ift yayl\u0131, sa\u011flam g\u00f6vdeli.&#8211; \u0130stikrarl\u0131 \u00e7al\u0131\u015fmas\u0131&#8211; Yayl\u0131 (zamak) kar\u015f\u0131l\u0131kl\u0131 \u00e7e\u015fidi de mevcut. (07-312-Z)&#8211; \u00dcr\u00fcn \u00fczerine logonuz bast\u0131r\u0131labilir.<\/p>\n","protected":false},"featured_media":0,"comment_status":"open","ping_status":"closed","template":"","meta":[],"product_brand":[],"product_cat":[368171,368219],"product_tag":[],"class_list":{"0":"post-1124085","1":"product","2":"type-product","3":"status-publish","5":"product_cat-07-brackets","6":"product_cat-push-to-open-07-brackets","7":"no-featured-image-padding","8":"sales-flash-overlay","9":"woocommerce-text-align-center","10":"woocommerce-image-align-center","11":"do-quantity-buttons","13":"first","14":"instock","15":"featured","16":"shipping-taxable","17":"purchasable","18":"product-type-variable"},"_links":{"self":[{"href":"https:\/\/pervinca.cn\/tr\/wp-json\/wp\/v2\/product\/1124085","targetHints":{"allow":["GET"]}}],"collection":[{"href":"https:\/\/pervinca.cn\/tr\/wp-json\/wp\/v2\/product"}],"about":[{"href":"https:\/\/pervinca.cn\/tr\/wp-json\/wp\/v2\/types\/product"}],"replies":[{"embeddable":true,"href":"https:\/\/pervinca.cn\/tr\/wp-json\/wp\/v2\/comments?post=1124085"}],"wp:attachment":[{"href":"https:\/\/pervinca.cn\/tr\/wp-json\/wp\/v2\/media?parent=1124085"}],"wp:term":[{"taxonomy":"product_brand","embeddable":true,"href":"https:\/\/pervinca.cn\/tr\/wp-json\/wp\/v2\/product_brand?post=1124085"},{"taxonomy":"product_cat","embeddable":true,"href":"https:\/\/pervinca.cn\/tr\/wp-json\/wp\/v2\/product_cat?post=1124085"},{"taxonomy":"product_tag","embeddable":true,"href":"https:\/\/pervinca.cn\/tr\/wp-json\/wp\/v2\/product_tag?post=1124085"}],"curies":[{"name":"wp","href":"https:\/\/api.w.org\/{rel}","templated":true}]}}