{"id":1126674,"date":"2007-01-07T00:00:00","date_gmt":"2007-01-06T21:00:00","guid":{"rendered":"https:\/\/superon.cn\/catalogue\/uncategorized\/04-104\/"},"modified":"2026-04-23T06:45:53","modified_gmt":"2026-04-23T03:45:53","slug":"04-104","status":"publish","type":"product","link":"https:\/\/pervinca.cn\/tr\/catalogue\/04-legs-feet\/furniture-feet\/04-104\/","title":{"rendered":"Furniture foot, 25x25mm"},"content":{"rendered":"- Pingosu \u00fczerinde bulunan alt\u0131gen somun a\u011f\u0131rl\u0131\u011f\u0131 binmi\u015f aya\u011f\u0131n\u0131 bile ayar etme olas\u0131l\u0131\u011f\u0131n\u0131 sa\u011flar<br \/>&#8211; Plastik taban \u00fczerindeki \u00e7\u0131kan plastikler temizlenir.","protected":false},"excerpt":{"rendered":"<p>&#8211; Pingosu \u00fczerinde bulunan alt\u0131gen somun a\u011f\u0131rl\u0131\u011f\u0131 binmi\u015f aya\u011f\u0131n\u0131 bile ayar etme olas\u0131l\u0131\u011f\u0131n\u0131 sa\u011flar&#8211; Plastik taban \u00fczerindeki \u00e7\u0131kan plastikler temizlenir.<\/p>\n","protected":false},"featured_media":0,"comment_status":"open","ping_status":"closed","template":"","meta":[],"product_brand":[],"product_cat":[368176,368240],"product_tag":[],"class_list":{"0":"post-1126674","1":"product","2":"type-product","3":"status-publish","5":"product_cat-04-legs-feet","6":"product_cat-furniture-feet","7":"no-featured-image-padding","8":"sales-flash-overlay","9":"woocommerce-text-align-center","10":"woocommerce-image-align-center","11":"do-quantity-buttons","13":"first","14":"instock","15":"shipping-taxable","16":"purchasable","17":"product-type-variable"},"_links":{"self":[{"href":"https:\/\/pervinca.cn\/tr\/wp-json\/wp\/v2\/product\/1126674","targetHints":{"allow":["GET"]}}],"collection":[{"href":"https:\/\/pervinca.cn\/tr\/wp-json\/wp\/v2\/product"}],"about":[{"href":"https:\/\/pervinca.cn\/tr\/wp-json\/wp\/v2\/types\/product"}],"replies":[{"embeddable":true,"href":"https:\/\/pervinca.cn\/tr\/wp-json\/wp\/v2\/comments?post=1126674"}],"wp:attachment":[{"href":"https:\/\/pervinca.cn\/tr\/wp-json\/wp\/v2\/media?parent=1126674"}],"wp:term":[{"taxonomy":"product_brand","embeddable":true,"href":"https:\/\/pervinca.cn\/tr\/wp-json\/wp\/v2\/product_brand?post=1126674"},{"taxonomy":"product_cat","embeddable":true,"href":"https:\/\/pervinca.cn\/tr\/wp-json\/wp\/v2\/product_cat?post=1126674"},{"taxonomy":"product_tag","embeddable":true,"href":"https:\/\/pervinca.cn\/tr\/wp-json\/wp\/v2\/product_tag?post=1126674"}],"curies":[{"name":"wp","href":"https:\/\/api.w.org\/{rel}","templated":true}]}}