{"id":1127659,"date":"2015-11-02T13:05:22","date_gmt":"2015-11-02T10:05:22","guid":{"rendered":"https:\/\/superon.cn\/catalogue\/uncategorized\/07-133\/"},"modified":"2026-04-23T06:46:15","modified_gmt":"2026-04-23T03:46:15","slug":"07-133","status":"publish","type":"product","link":"https:\/\/pervinca.cn\/tr\/catalogue\/07-brackets\/push-to-open-07-brackets\/07-133\/","title":{"rendered":"Bas-a\u00e7 \u00e7\u0131t\u00e7\u0131t"},"content":{"rendered":"\u00d6zellikleri<br \/>&#8211; M\u0131knat\u0131sl\u0131 ayarl\u0131 ucu<br \/>&#8211; A\u00e7ma mesafesi: 44mm<br \/>&#8211; Vidalarla monte edilir<br \/>&#8211; \u00dcr\u00fcn \u00fczerine logonuz bast\u0131r\u0131labilir<\/p>\n<p>Kar\u015f\u0131l\u0131klar\u0131n a\u00e7\u0131klamalar\u0131:<br \/>K &#8211; yap\u0131\u015fkanl\u0131 kar\u015f\u0131l\u0131k<br \/>N &#8211; d\u00fcbelli vidali kar\u015f\u0131l\u0131k<br \/>KN &#8211; yap\u0131\u015fkanl\u0131 ve d\u00fcbelli vidali kar\u015f\u0131l\u0131k (\u00e7ift kar\u015f\u0131l\u0131kl\u0131)<br \/>O &#8211; vida u\u00e7lu geni\u015f y\u00fczey kar\u015f\u0131l\u0131k<br \/>J &#8211; hem yap\u0131\u00e7kanl\u0131 hem vida deli\u011fi mevcut kar\u015f\u0131l\u0131k (tek par\u00e7a art\u0131 vida)","protected":false},"excerpt":{"rendered":"<p>\u00d6zellikleri&#8211; M\u0131knat\u0131sl\u0131 ayarl\u0131 ucu&#8211; A\u00e7ma mesafesi: 44mm&#8211; Vidalarla monte edilir&#8211; \u00dcr\u00fcn \u00fczerine logonuz bast\u0131r\u0131labilir Kar\u015f\u0131l\u0131klar\u0131n a\u00e7\u0131klamalar\u0131:K &#8211; yap\u0131\u015fkanl\u0131 kar\u015f\u0131l\u0131kN &#8211; d\u00fcbelli vidali kar\u015f\u0131l\u0131kKN &#8211; yap\u0131\u015fkanl\u0131 ve d\u00fcbelli vidali kar\u015f\u0131l\u0131k (\u00e7ift kar\u015f\u0131l\u0131kl\u0131)O &#8211; vida u\u00e7lu geni\u015f y\u00fczey kar\u015f\u0131l\u0131kJ &#8211; hem yap\u0131\u00e7kanl\u0131 hem vida deli\u011fi mevcut kar\u015f\u0131l\u0131k (tek par\u00e7a art\u0131 vida)<\/p>\n","protected":false},"featured_media":0,"comment_status":"open","ping_status":"closed","template":"","meta":[],"product_brand":[],"product_cat":[368171,368219],"product_tag":[],"class_list":{"0":"post-1127659","1":"product","2":"type-product","3":"status-publish","5":"product_cat-07-brackets","6":"product_cat-push-to-open-07-brackets","7":"no-featured-image-padding","8":"sales-flash-overlay","9":"woocommerce-text-align-center","10":"woocommerce-image-align-center","11":"do-quantity-buttons","13":"first","14":"instock","15":"featured","16":"shipping-taxable","17":"purchasable","18":"product-type-variable"},"_links":{"self":[{"href":"https:\/\/pervinca.cn\/tr\/wp-json\/wp\/v2\/product\/1127659","targetHints":{"allow":["GET"]}}],"collection":[{"href":"https:\/\/pervinca.cn\/tr\/wp-json\/wp\/v2\/product"}],"about":[{"href":"https:\/\/pervinca.cn\/tr\/wp-json\/wp\/v2\/types\/product"}],"replies":[{"embeddable":true,"href":"https:\/\/pervinca.cn\/tr\/wp-json\/wp\/v2\/comments?post=1127659"}],"wp:attachment":[{"href":"https:\/\/pervinca.cn\/tr\/wp-json\/wp\/v2\/media?parent=1127659"}],"wp:term":[{"taxonomy":"product_brand","embeddable":true,"href":"https:\/\/pervinca.cn\/tr\/wp-json\/wp\/v2\/product_brand?post=1127659"},{"taxonomy":"product_cat","embeddable":true,"href":"https:\/\/pervinca.cn\/tr\/wp-json\/wp\/v2\/product_cat?post=1127659"},{"taxonomy":"product_tag","embeddable":true,"href":"https:\/\/pervinca.cn\/tr\/wp-json\/wp\/v2\/product_tag?post=1127659"}],"curies":[{"name":"wp","href":"https:\/\/api.w.org\/{rel}","templated":true}]}}