{"id":1130449,"date":"2011-03-08T00:00:00","date_gmt":"2011-03-07T21:00:00","guid":{"rendered":"https:\/\/superon.cn\/catalogue\/uncategorized\/17-602\/"},"modified":"2026-04-23T06:47:20","modified_gmt":"2026-04-23T03:47:20","slug":"17-602","status":"publish","type":"product","link":"https:\/\/pervinca.cn\/tr\/catalogue\/17-door-accessories\/door-closers\/17-602\/","title":{"rendered":"Kap\u0131 frenleyici"},"content":{"rendered":"Frenli: bu kap\u0131t\u0131c\u0131 yava\u015f kapama ve darbe yava\u015flat\u0131c\u0131 fonksiyonlar\u0131na sahiptir.<\/p>\n<p>Kapanma g\u00fcc\u00fc ba\u011f\u0131ms\u0131z \u015fekilde ayarlan\u0131r.<br \/>Kapanma h\u0131z\u0131 ba\u011f\u0131ms\u0131z \u015fekilde ayr\u0131ca ayarlan\u0131r.<br \/>Hava s\u0131cakl\u0131\u011f\u0131 -30\u00b0&#8217;den +60\u00b0&#8217;e kadar kullan\u0131labilir.<br \/>\u0130ki kademeli kapaman\u0131n kontroll\u00fc: 180\u00b0-15\u00b0 ve kontroll\u00fc kilitleme: 15\u00b0-0\u00b0.<br \/>Kilitleme h\u0131z\u0131 ba\u011f\u0131ms\u0131z ayarl\u0131.<br \/>Kapama h\u0131z\u0131 ayr\u0131ca ba\u011f\u0131ms\u0131z ayarl\u0131, en h\u0131zl\u0131 3 saniyeden en yava\u015f &gt;40 saniyeye kadar kapama h\u0131z\u0131na sahiptir.<br \/>Kullanma hayat\u0131: 300,000 kez a\u00e7\u0131p kapanmaya dayan\u0131r.","protected":false},"excerpt":{"rendered":"<p>Frenli: bu kap\u0131t\u0131c\u0131 yava\u015f kapama ve darbe yava\u015flat\u0131c\u0131 fonksiyonlar\u0131na sahiptir. Kapanma g\u00fcc\u00fc ba\u011f\u0131ms\u0131z \u015fekilde ayarlan\u0131r.Kapanma h\u0131z\u0131 ba\u011f\u0131ms\u0131z \u015fekilde ayr\u0131ca ayarlan\u0131r.Hava s\u0131cakl\u0131\u011f\u0131 -30\u00b0&#8217;den +60\u00b0&#8217;e kadar kullan\u0131labilir.\u0130ki kademeli kapaman\u0131n kontroll\u00fc: 180\u00b0-15\u00b0 ve kontroll\u00fc kilitleme: 15\u00b0-0\u00b0.Kilitleme h\u0131z\u0131 ba\u011f\u0131ms\u0131z ayarl\u0131.Kapama h\u0131z\u0131 ayr\u0131ca ba\u011f\u0131ms\u0131z ayarl\u0131, en h\u0131zl\u0131 3 saniyeden en yava\u015f &gt;40 saniyeye kadar kapama h\u0131z\u0131na sahiptir.Kullanma hayat\u0131: 300,000 kez &#8230; <\/p>\n<p class=\"read-more-container\"><a title=\"Kap\u0131 frenleyici\" class=\"read-more button\" href=\"https:\/\/pervinca.cn\/tr\/catalogue\/17-door-accessories\/door-closers\/17-602\/#more-1130449\">Read more<span class=\"screen-reader-text\">Kap\u0131 frenleyici<\/span><\/a><\/p>\n","protected":false},"featured_media":0,"comment_status":"open","ping_status":"closed","template":"","meta":[],"product_brand":[],"product_cat":[368164,368313],"product_tag":[],"class_list":{"0":"post-1130449","1":"product","2":"type-product","3":"status-publish","5":"product_cat-17-door-accessories","6":"product_cat-door-closers","7":"no-featured-image-padding","8":"sales-flash-overlay","9":"woocommerce-text-align-center","10":"woocommerce-image-align-center","11":"do-quantity-buttons","13":"first","14":"instock","15":"shipping-taxable","16":"purchasable","17":"product-type-variable"},"_links":{"self":[{"href":"https:\/\/pervinca.cn\/tr\/wp-json\/wp\/v2\/product\/1130449","targetHints":{"allow":["GET"]}}],"collection":[{"href":"https:\/\/pervinca.cn\/tr\/wp-json\/wp\/v2\/product"}],"about":[{"href":"https:\/\/pervinca.cn\/tr\/wp-json\/wp\/v2\/types\/product"}],"replies":[{"embeddable":true,"href":"https:\/\/pervinca.cn\/tr\/wp-json\/wp\/v2\/comments?post=1130449"}],"wp:attachment":[{"href":"https:\/\/pervinca.cn\/tr\/wp-json\/wp\/v2\/media?parent=1130449"}],"wp:term":[{"taxonomy":"product_brand","embeddable":true,"href":"https:\/\/pervinca.cn\/tr\/wp-json\/wp\/v2\/product_brand?post=1130449"},{"taxonomy":"product_cat","embeddable":true,"href":"https:\/\/pervinca.cn\/tr\/wp-json\/wp\/v2\/product_cat?post=1130449"},{"taxonomy":"product_tag","embeddable":true,"href":"https:\/\/pervinca.cn\/tr\/wp-json\/wp\/v2\/product_tag?post=1130449"}],"curies":[{"name":"wp","href":"https:\/\/api.w.org\/{rel}","templated":true}]}}